{"id":28,"date":"2018-02-09T15:53:08","date_gmt":"2018-02-09T15:53:08","guid":{"rendered":"http:\/\/themes.muffingroup.com\/be\/birthday\/?page_id=28"},"modified":"2021-06-09T09:52:12","modified_gmt":"2021-06-09T07:52:12","slug":"kominiarz","status":"publish","type":"page","link":"https:\/\/centrumkominiarstwa.pl\/","title":{"rendered":"Centrum Kominiarstwa"},"content":{"rendered":"<h1>Przegl\u0105dy kominiarskie Warszawa<\/h1>\n<h2>oferta<\/h2>\n<p>no-repeat;right top;;<\/p>\n<p>auto<\/p>\n<p>20px<\/p>\n<p>zoomInLeftLarge<\/p>\n<p><font color=\"white\">dla wsp\u00f3lnot, administracji, gastronomii, developer\u00f3w oraz klient\u00f3w indywidualnych.<\/font><\/p>\n<p><font color=\"white\">Oferujemy profesjonalne us\u0142ugi kominiarskie w konkurencyjnych cenach.<\/font><\/p>\n<p><font color=\"white\"><br \/>\n<\/font><font color=\"white\"><\/font><font color=\"white\">Gwarantujemy solidne i terminowe wykonanie zleconych prac. <\/font><\/p>\n<p>no-repeat;left top;;<\/p>\n<p>auto<\/p>\n<p>fadeInUpLarge<\/p>\n<hr class=\"no_line\" style=\"margin:0 auto 500px\"\/>\n\n<p>http:\/\/centrumkominiarstwa.pl\/wp-content\/uploads\/2018\/08\/chimney-2786628_1920.jpg<\/p>\n<p>no-repeat;left top;;<\/p>\n<p>cover<\/p>\n<h6>Przeprowadzanie okresowych kontroli stanu technicznego przewod\u00f3w kominowych w oparciu o Prawo Budowlane<br \/>\nCzyszczenie i sprawdzanie przewod\u00f3w kominowych (dymowych, spalinowych, wentylacyjnych) na ci\u0105g i dro\u017cno\u015b\u0107 inwentaryzacja przewod\u00f3w kominowych<br \/>\nPomiary ci\u0105g\u00f3w kominowych<br \/>\nPomiary st\u0119\u017cenia tlenku w\u0119gla<br \/>\nSprawdzanie wn\u0119trza przewod\u00f3w kominowych za pomoc\u0105 kolorowej kamery inspekcyjnej TV z mo\u017cliwo\u015bci\u0105 zapisu na no\u015bnikach cyfrowych<br \/>\nSta\u0142a konserwacja oraz kompleksowa obs\u0142uga kot\u0142owni<br \/>\nPrzeprowadzanie kontroli, konserwacja i pomiary urz\u0105dze\u0144 instalacji wentylacji mechanicznej<br \/>\nOpiniowanie przewod\u00f3w kominowych i urz\u0105dze\u0144 grzewczych na potrzeby Gazowni<br \/>\nProfesjonalna obs\u0142uga administracji, wsp\u00f3lnot mieszkaniowych<br \/>\nUdro\u017cnienia przewod\u00f3w kominowych<br \/>\nUporz\u0105dkowanie pod\u0142\u0105cze\u0144 dymowych, spalinowych i wentylacyjnych<br \/>\nDoradztwo techniczne i monta\u017c system\u00f3w kominowych ze stali kwasoodpornej<br \/>\nKontrola nowoczesnych system\u00f3w grzewczo-kominowych<br \/>\nDoradztwo techniczne, dystrybucja i monta\u017c nasad kominowych<br \/>\nUszczelnianie przewod\u00f3w kominowych za pomoc\u0105 wk\u0142ad\u00f3w przelotowych aluminiowych<br \/>\nMonta\u017c i dystrybucja czujnik\u00f3w tlenku w\u0119gla<br \/>\nMonta\u017c stalowych wk\u0142ad\u00f3w kwasoodpornych, \u017caroodpornych, dwup\u0142aszczowych komin\u00f3w zewn\u0119trznych<br \/>\nWykonywanie us\u0142ug zleconych pokrewno-kominiarskich<\/h6>\n<p>no-repeat;left top;;<\/p>\n<p>auto<\/p>\n<p>10px<\/p>\n<h2 style=\"color:#fab927\">przegl\u0105dy<\/h2>\n<hr class=\"no_line\" style=\"margin:0 auto 10px\"\/>\n\n<p>no-repeat;center top;;<\/p>\n<p>auto<\/p>\n<p>zoomInLeftLarge<\/p>\n<hr class=\"no_line\" style=\"margin:0 auto 10px\"\/>\n\n<p>Przegl\u0105dy kominiarskie s\u0142u\u017c\u0105 ocenie stanu komina oraz jego okresowemu czyszczeniu. Istotne jest, aby przegl\u0105d kominiarski by\u0142 wykonywany przez sprawdzonego kominiarza, dzi\u0119ki czemu b\u0119dziemy mieli pewno\u015b\u0107, \u017ce ca\u0142a procedura przebieg\u0142a w prawid\u0142owy, bezpieczny i skuteczny spos\u00f3b. Zaniedbany, nieczyszczony regularnie komin to zagro\u017cenie dla \u017cycia i zdrowia wszystkich mieszka\u0144c\u00f3w domu.<\/p>\n<p>no-repeat;center top;;<\/p>\n<p>auto<\/p>\n<p>fadeInUpLarge<\/p>\n<p>Ile powinno by\u0107 przegl\u0105d\u00f3w?: Obowi\u0105zek wykonywania przegl\u0105d\u00f3w kominowych wprowadzono ustaw\u0105 o prawie budowlanym w 1994 roku. Przepisy nakazuj\u0105 wykonywanie przegl\u0105d\u00f3w kominiarskich w domu raz w roku, natomiast w budynkach o powierzchni zabudowy wi\u0119kszej ni\u017c 2000 m\u00b2 dwa razy do roku &#8211; do 31 maja i do 31 listopada. Jednak sam przegl\u0105d komina nie wystarczy. Kolejnym obowi\u0105zkiem jest okresowe czyszczenie i udro\u017cnienie przewod\u00f3w kominowych. W przypadku przewod\u00f3w dymowych czyszczenie powinno zosta\u0107 przeprowadzone 4 razy w roku, przewod\u00f3w spalinowych 2 razy w roku, natomiast przewod\u00f3w wentylacyjnych raz w roku. Czyszczenie przewod\u00f3w w przypadku komin\u00f3w dymowych polega na usuni\u0119ciu zanieczyszcze\u0144 osadzaj\u0105cych si\u0119 na \u015bciankach komina, takich jak sadza i smo\u0142a. W przypadku przewod\u00f3w spalinowych i wentylacyjnych, nale\u017cy oczy\u015bci\u0107 je z paj\u0119czyn i ptasich gniazd, kt\u00f3re blokuj\u0105 przekr\u00f3j komina. Wszelkie zanieczyszczenia kieruje si\u0119 w d\u00f3\u0142 i usuwa z komina poprzez otw\u00f3r rewizyjno-wyczystny.<\/p>\n<p>Jakie czynno\u015bci wykonuje kominiarz?: Przegl\u0105d kominiarski rozpoczyna si\u0119 od wykonania czynno\u015bci na dachu, a wi\u0119c czyszczenia przewod\u00f3w i sprawdzenia za pomoc\u0105 narz\u0119dzi kominiarskich dro\u017cno\u015bci, przebiegu i szczelno\u015bci przewod\u00f3w kominowych. W tym czasie dokonuje si\u0119 r\u00f3wnie\u017c oceny stanu komina ponad dachem. Nast\u0119pnie bada si\u0119 w pionie mieszka\u0144 prawid\u0142owo\u015b\u0107 funkcjonowania urz\u0105dze\u0144 pod\u0142\u0105czonych do przewod\u00f3w kominowych.<\/p>\n<p>Zagro\u017cenia zwi\u0105zane z brakiem przegl\u0105du kominiarskiego: Przegl\u0105dy kominiarskie s\u0105 konieczne z wielu wzgl\u0119d\u00f3w. Smo\u0142a, kt\u00f3ra wydziela si\u0119 z opa\u0142u w wyniku jego suchej destylacji b\u0105d\u017a spalania ze zbyt ma\u0142\u0105 ilo\u015bci\u0105 powietrza, osadza si\u0119 na \u015bciankach komina. W trakcie rozgrzewania si\u0119 komina smo\u0142a paruje, wydzielaj\u0105c \u0142atwopalne opary &#8211; wystarczy iskra aby komin uleg\u0142 zapaleniu. W zale\u017cno\u015bci od ilo\u015bci zanieczyszcze\u0144 temperatura wewn\u0105trz komina mo\u017ce wzrosn\u0105\u0107 nawet do 1700 stopni Celsjusza i stanowi\u0107 powa\u017cne zagro\u017cenie po\u017carowe dla ca\u0142ego budynku. Zar\u00f3wno smo\u0142a, jak i sadza w wyniku zap\u0142onu mog\u0105 tak\u017ce obcieka\u0107 w d\u00f3\u0142, powoduj\u0105c za\u015blepienie komina, przez co gromadz\u0105ce si\u0119 gazy mog\u0105 doprowadzi\u0107 do wybuchu.<\/p>\n<p>Jakie s\u0105 przewidziane kary za brak przegl\u0105du kominiarskiego: Za brak czyszczenia komina nie ma kar urz\u0119dowych, jednak jego zaniedbanie mo\u017ce kosztowa\u0107 u\u017cytkownik\u00f3w dorobek ich ca\u0142ego \u017cycia. Dlatego dop\u00f3ki nie dojdzie do nieszcz\u0119\u015bcia zwi\u0105zanego z zaniedbaniem komina, w\u0142a\u015bcicielowi budynku nie gro\u017c\u0105 \u017cadne konsekwencje za niewykonanie przegl\u0105du kominiarskiego przez kominiarza. Je\u017celi w\u0142a\u015bciciel domu potrafi i ma przeznaczone do tego celu specjalne narz\u0119dzia, mo\u017ce te\u017c sam spr\u00f3bowa\u0107 wyczy\u015bci\u0107 komin. Nale\u017cy jednak pami\u0119ta\u0107, \u017ce je\u017celi dom jest ubezpieczony i dojdzie do szkody to ka\u017cdy ubezpieczyciel w Polsce za\u017c\u0105da od w\u0142a\u015bciciela domu za\u015bwiadczenia wystawionego przez kominiarza, \u017ce komin by\u0142 prawid\u0142owo czyszczony i kontrolowany. Bez niego nie ma mo\u017cliwo\u015bci na otrzymanie jakiegokolwiek odszkodowania.<\/p>\n<p>Narz\u0119dzia pracy kominiarza: Nasi kominiarze przy czyszczeniu komina lub przegl\u0105dzie systemu wentylacyjnego, dysponuj\u0105 m.in.:<\/p>\n<ul style=\"list-style-type: square\">\n<li>zestawem linowym<\/li>\n<li>grac\u0105 kominiarsk\u0105<\/li>\n<li>oorkiem kominiarskim<\/li>\n<li>lluczykiem kominiarskim<\/li>\n<li>lusterkiem,<\/li>\n<li>\u015bwiecami dymnymi<\/li>\n<li>nowoczesnymi inspekcyjnymi kamerami kominowymi<\/li>\n<li>radiotelefonami<\/li>\n<li>anemometrami cyfrowymi<\/li>\n<\/ul>\n<h2 style=\"color:#fab927\">prawo<\/h2>\n<p>no-repeat;center top;;<\/p>\n<p>auto<\/p>\n<p>zoomInLeftLarge<\/p>\n<p><font color=\"white\"><br \/>\nUstawa Prawo Budowlane z dnia 7 lipca 1994 roku (Dz. U. Nr 89 z 1994 r. poz. 414 z p\u00f3\u017aniejszymi zmianami)<\/font><\/p>\n<p><font color=\"white\"><br \/>\n<\/font><font color=\"white\"><\/font><\/p>\n<p><font color=\"white\">Rozporz\u0105dzenie Ministra Spraw Wewn\u0119trznych i Administracji z dnia 21 kwietnia 2006 roku w sprawie ochrony przeciwpo\u017carowej budynk\u00f3w, innych obiekt\u00f3w budowlanych i teren\u00f3w (Dz. U. Nr 80 poz.563 z dnia 11 maja 2006 r.)<\/font><\/p>\n<p><font color=\"white\">Rozporz\u0105dzenie Ministra Spraw Wewn\u0119trznych i Administracji z dnia 16 sierpnia 1999r. w sprawie warunk\u00f3w technicznych u\u017cytkowania budynk\u00f3w mieszkalnych. (Dz. U. Nr 74 z 1999r. poz. 836)<\/font><\/p>\n<p><font color=\"white\"><br \/>\n<\/font><font color=\"white\"><\/font><font color=\"white\"><\/font><font color=\"white\">Rozporz\u0105dzenie Ministra Infrastruktury z dnia 12 kwietnia 2002 w sprawie warunk\u00f3w technicznych jakim musz\u0105 odpowiada\u0107 budynki i ich usytuowanie (Dz. U. Nr 75 poz. 690 z dnia 15.06.2002r.)<br \/>\n<\/font><\/p>\n<p>no-repeat;left top;;<\/p>\n<p>auto<\/p>\n<p>20px<\/p>\n<p>fadeInRightLarge<\/p>\n<h2 style=\"color:#fff;\">kontakt<\/h2>\n<h5>Nie czekaj, zadzwo\u0144 lub napisz teraz i wezwij sprawdzonego kominiarza<\/h5>\n<p>left<\/p>\n<p>center<\/p>\n<p>no-repeat;center top;;<\/p>\n<p>auto<\/p>\n<p>default<\/p>\n<p><img src=\"http:\/\/centrumkominiarstwa.pl\/wordpress\/wp-content\/uploads\/2018\/02\/bwbirthday-orange-bg-pattern.png\" alt=\"\"><\/p>\n<p>center<\/p>\n<hr class=\"no_line\" style=\"margin:0 auto 10px\"\/>\n\n<h5>+48 509 201 944<br \/>\n+48 507 196 669<br \/>\nkontakt@centrumkominiarstwa.pl<\/p>\n<p>Warszawa i okolice<\/h5>\n<p>left<\/p>\n<p>no-repeat;center top;;<\/p>\n<p>auto<\/p>\n<p>Kominiarze<\/p>\n<p>Komin na dachu, prawda o kominach w Warszawie<br \/>\nPrzegl\u0105dy kominiarskie nie s\u0105 takie z\u0142e.<br \/>\nNa taki przegl\u0105d czeka wiele os\u00f3b i trzeba je cz\u0119sto wykonywa\u0107.<br \/>\nBadanie szczelno\u015bci komina to tak\u017ce nie lada problem tym bardziej, \u017ce takie badanie jest drogie.<br \/>\nPrzecie\u017c przewody wentylacyjne nie zawsze s\u0105 czyste i trzeba je cz\u0119sto sprawdza\u0107.<\/p>\n<p>Badanie szczelno\u015bci komina to praca bardzo dok\u0142adna i profesjonalna. Dokonuje si\u0119 tak\u017ce pr\u00f3by szczelno\u015bci komina w zale\u017cno\u015bci od jego sposoby zamocowania i u\u0142o\u017cenia dachu. Tak\u017ce ka\u017cdy z tych komin\u00f3w ma niezale\u017cnego specjalist\u0119 kt\u00f3ry potrafi dobrze go sprawdzi\u0107. Wszystkie folie aluminiowe alufol maj\u0105 specjalne certyfikaty og\u00f3lnego zastosowania i mog\u0105 by\u0107 w szczeg\u00f3lno\u015bci wykorzystane do r\u00f3\u017cnych uszczelnie\u0144 przewod\u00f3w kominowych. Mo\u017cna je wcze\u015bniej sprawdzi\u0107 tak\u017ce specjalna kamer\u0105 detekcyjn\u0105. Jej zadaniem jest wykrycie wszystkich nieszczelno\u015bci w kominie ale tak\u017ce na samym szczycie dachy. Stosuje si\u0119 potem profesjonalna izolacj\u0119 tak, aby folia aluminiowa by\u0142a szczelny , a komin dobrze zabezpieczony. Potem przy przegl\u0105dzie kominiarskim nie b\u0119dzie problemu z odbiorem. Kominiarz sporz\u0105dza specjalny protok\u00f3\u0142, rysuje odpowiednie szkice, rozrysowuje po\u0142o\u017cenie przewod\u00f3w kominowych.<\/p>\n<p>Wachlarz us\u0142ug kominiarskich jest bardzo szeroki i zale\u017cy od stopnia profesjonalizmu. Zastosowanie nowoczesnych narz\u0119dzi przy pracach kominiarskich powoduje jednak, \u017ce osi\u0105gni\u0119cie profesjonalnego poziomu jest mo\u017cliwe i nale\u017cy takich firm w\u0142a\u015bnie szuka\u0107. Tylko one zagwarantuj\u0105 prawid\u0142owy przegl\u0105d i zastosuj\u0105 odpowiednie \u015brodki techniczne kominiarskie.<\/p>\n<p>Mistrz kominiarski to tytu\u0142 w \u015bwiecie kominiarzy i ka\u017cdy ma sw\u00f3j numer licencji mistrzowskiej.<\/p>\n<p>no-repeat;left top;;<\/p>\n<p>auto<\/p>\n<p>Something for a<br \/>\ngood start:<\/p>\n<ul style=\"list-style:none; line-height:28px;\">\n<li><i class=\"themecolor icon-check\"><\/i> Lorem ipsum dolor<\/li>\n<li><i class=\"themecolor icon-check\"><\/i> Consectetur adipisicing<\/li>\n<li><i class=\"themecolor icon-check\"><\/i> Cum distincti<\/li>\n<li><i class=\"themecolor icon-check\"><\/i> Blanditiis impedit ipsam<\/li>\n<\/ul>\n<p>When you are<br \/>\nvery hungry:<\/p>\n<ul style=\"list-style:none; line-height:28px;\">\n<li><i class=\"themecolor icon-check\"><\/i> Lorem ipsum dolor<\/li>\n<li><i class=\"themecolor icon-check\"><\/i> Consectetur adipisicing<\/li>\n<li><i class=\"themecolor icon-check\"><\/i> Asperiores doloribus atque<\/li>\n<li><i class=\"themecolor icon-check\"><\/i> Cum distincti<\/li>\n<\/ul>\n<p>At the end of<br \/>\nthe party:<\/p>\n<ul style=\"list-style:none; line-height:28px;\">\n<li><i class=\"themecolor icon-check\"><\/i> Asperiores doloribus atque<\/li>\n<li><i class=\"themecolor icon-check\"><\/i> Cum distincti<\/li>\n<li><i class=\"themecolor icon-check\"><\/i> Blanditiis impedit ipsam<\/li>\n<\/ul>\n<p>vertical<\/p>\n<p>Kominiarze<\/p>\n<p>Komin na dachu, prawda o kominach w Warszawie<br \/>\nPrzegl\u0105dy kominiarskie nie s\u0105 takie z\u0142e.<br \/>\nNa taki przegl\u0105d czeka wiele os\u00f3b i trzeba je cz\u0119sto wykonywa\u0107<\/p>\n<p>Badanie szczelno\u015bci komina to praca bardzo dok\u0142adna i profesjonalna. Dokonuje si\u0119 tak\u017ce pr\u00f3by szczelno\u015bci komina w zale\u017cno\u015bci od jego sposoby zamocowania i u\u0142o\u017cenia dachu. Tak\u017ce ka\u017cdy z tych komin\u00f3w ma niezale\u017cnego specjalist\u0119 kt\u00f3ry potrafi dobrze go sprawdzi\u0107. Wszystkie folie aluminiowe alufol maj\u0105 specjalne certyfikaty og\u00f3lnego zastosowania i mog\u0105 by\u0107 w szczeg\u00f3lno\u015bci wykorzystane do r\u00f3\u017cnych uszczelnie\u0144 przewod\u00f3w kominowych. Mo\u017cna je wcze\u015bniej sprawdzi\u0107 tak\u017ce specjalna kamer\u0105 detekcyjn\u0105. Jej zadaniem jest wykrycie wszystkich nieszczelno\u015bci w kominie ale tak\u017ce na samym szczycie dachy. Stosuje si\u0119 potem profesjonalna izolacj\u0119 tak, aby folia aluminiowa by\u0142a szczelny , a komin dobrze zabezpieczony. Potem przy przegl\u0105dzie kominiarskim nie b\u0119dzie problemu z odbiorem. Kominiarz sporz\u0105dza specjalny protok\u00f3\u0142, rysuje odpowiednie szkice, rozrysowuje po\u0142o\u017cenie przewod\u00f3w kominowych.<\/p>\n<p>Wachlarz us\u0142ug kominiarskich jest bardzo szeroki i zale\u017cy od stopnia profesjonalizmu. Zastosowanie nowoczesnych narz\u0119dzi przy pracach kominiarskich powoduje jednak, \u017ce osi\u0105gni\u0119cie profesjonalnego poziomu jest mo\u017cliwe i nale\u017cy takich firm w\u0142a\u015bnie szuka\u0107. Tylko one zagwarantuj\u0105 prawid\u0142owy przegl\u0105d i zastosuj\u0105 odpowiednie \u015brodki techniczne kominiarskie.<\/p>\n<p>Mistrz kominiarski to tytu\u0142 w \u015bwiecie kominiarzy i ka\u017cdy ma sw\u00f3j numer licencji mistrzowskiej.<\/p>\n<p>no-repeat;left top;;<\/p>\n<p>auto<\/p>\n<p>Something for a<br \/>\ngood start:<\/p>\n<ul style=\"list-style:none; line-height:28px;\">\n<li><i class=\"themecolor icon-check\"><\/i> Lorem ipsum dolor<\/li>\n<li><i class=\"themecolor icon-check\"><\/i> Consectetur adipisicing<\/li>\n<li><i class=\"themecolor icon-check\"><\/i> Cum distincti<\/li>\n<li><i class=\"themecolor icon-check\"><\/i> Blanditiis impedit ipsam<\/li>\n<\/ul>\n<p>When you are<br \/>\nvery hungry:<\/p>\n<ul style=\"list-style:none; line-height:28px;\">\n<li><i class=\"themecolor icon-check\"><\/i> Lorem ipsum dolor<\/li>\n<li><i class=\"themecolor icon-check\"><\/i> Consectetur adipisicing<\/li>\n<li><i class=\"themecolor icon-check\"><\/i> Asperiores doloribus atque<\/li>\n<li><i class=\"themecolor icon-check\"><\/i> Cum distincti<\/li>\n<\/ul>\n<p>At the end of<br \/>\nthe party:<\/p>\n<ul style=\"list-style:none; line-height:28px;\">\n<li><i class=\"themecolor icon-check\"><\/i> Asperiores doloribus atque<\/li>\n<li><i class=\"themecolor icon-check\"><\/i> Cum distincti<\/li>\n<li><i class=\"themecolor icon-check\"><\/i> Blanditiis impedit ipsam<\/li>\n<\/ul>\n<p>vertical<\/p>\n","protected":false},"excerpt":{"rendered":"<p>Przegl\u0105dy kominiarskie Warszawa oferta no-repeat;right top;; auto 20px zoomInLeftLarge dla wsp\u00f3lnot, administracji, gastronomii, developer\u00f3w oraz klient\u00f3w indywidualnych. Oferujemy profesjonalne us\u0142ugi kominiarskie w konkurencyjnych cenach. Gwarantujemy solidne<span class=\"excerpt-hellip\"> [\u2026]<\/span><\/p>\n","protected":false},"author":1,"featured_media":0,"parent":0,"menu_order":0,"comment_status":"closed","ping_status":"closed","template":"","meta":[],"yoast_head":"<!-- This site is optimized with the Yoast SEO plugin v16.4 - https:\/\/yoast.com\/wordpress\/plugins\/seo\/ -->\n<title>Centrum Kominiarstwa-przegl\u0105dy kominiarskie-Warszawa i okolice<\/title>\n<meta name=\"description\" content=\"To firma z ponad 30 letnim do\u015bwiadczeniem w bran\u017cy. Posiadamy wszystkie niezb\u0119dne uprawnienia do \u015bwiadczenia us\u0142ug zwi\u0105zanych z kominiarstwem. Wykonujemy przegl\u0105dy kominiarskie i inne us\u0142ugi budowlane z tym zwi\u0105zane.\" \/>\n<meta name=\"robots\" content=\"index, follow, max-snippet:-1, max-image-preview:large, max-video-preview:-1\" \/>\n<link rel=\"canonical\" href=\"http:\/\/centrumkominiarstwa.pl\/\" \/>\n<meta property=\"og:locale\" content=\"pl_PL\" \/>\n<meta property=\"og:type\" content=\"article\" \/>\n<meta property=\"og:title\" content=\"Centrum Kominiarstwa-przegl\u0105dy kominiarskie-Warszawa i okolice\" \/>\n<meta property=\"og:description\" content=\"To firma z ponad 30 letnim do\u015bwiadczeniem w bran\u017cy. Posiadamy wszystkie niezb\u0119dne uprawnienia do \u015bwiadczenia us\u0142ug zwi\u0105zanych z kominiarstwem. Wykonujemy przegl\u0105dy kominiarskie i inne us\u0142ugi budowlane z tym zwi\u0105zane.\" \/>\n<meta property=\"og:url\" content=\"http:\/\/centrumkominiarstwa.pl\/\" \/>\n<meta property=\"og:site_name\" content=\"Centrum Kominiarstwa\" \/>\n<meta property=\"article:publisher\" content=\"https:\/\/www.facebook.com\/przeglady.kominiarskie\/\" \/>\n<meta property=\"article:modified_time\" content=\"2021-06-09T07:52:12+00:00\" \/>\n<meta property=\"og:image\" content=\"http:\/\/centrumkominiarstwa.pl\/wordpress\/wp-content\/uploads\/2018\/02\/bwbirthday-orange-bg-pattern.png\" \/>\n<meta name=\"twitter:card\" content=\"summary_large_image\" \/>\n<meta name=\"twitter:label1\" content=\"Szacowany czas czytania\" \/>\n\t<meta name=\"twitter:data1\" content=\"7 minut\" \/>\n<script type=\"application\/ld+json\" class=\"yoast-schema-graph\">{\"@context\":\"https:\/\/schema.org\",\"@graph\":[{\"@type\":\"Organization\",\"@id\":\"http:\/\/centrumkominiarstwa.pl\/#organization\",\"name\":\"Centrum Kominiarstwa\",\"url\":\"http:\/\/centrumkominiarstwa.pl\/\",\"sameAs\":[\"https:\/\/www.facebook.com\/przeglady.kominiarskie\/\"],\"logo\":{\"@type\":\"ImageObject\",\"@id\":\"http:\/\/centrumkominiarstwa.pl\/#logo\",\"inLanguage\":\"pl-PL\",\"url\":\"http:\/\/centrumkominiarstwa.pl\/wp-content\/uploads\/2018\/08\/ck-logo-navy.png\",\"contentUrl\":\"http:\/\/centrumkominiarstwa.pl\/wp-content\/uploads\/2018\/08\/ck-logo-navy.png\",\"width\":607,\"height\":526,\"caption\":\"Centrum Kominiarstwa\"},\"image\":{\"@id\":\"http:\/\/centrumkominiarstwa.pl\/#logo\"}},{\"@type\":\"WebSite\",\"@id\":\"http:\/\/centrumkominiarstwa.pl\/#website\",\"url\":\"http:\/\/centrumkominiarstwa.pl\/\",\"name\":\"Centrum Kominiarstwa\",\"description\":\"Us\\u0142ugi kominiarskie Warszawa\",\"publisher\":{\"@id\":\"http:\/\/centrumkominiarstwa.pl\/#organization\"},\"potentialAction\":[{\"@type\":\"SearchAction\",\"target\":\"http:\/\/centrumkominiarstwa.pl\/?s={search_term_string}\",\"query-input\":\"required name=search_term_string\"}],\"inLanguage\":\"pl-PL\"},{\"@type\":\"ImageObject\",\"@id\":\"http:\/\/centrumkominiarstwa.pl\/#primaryimage\",\"inLanguage\":\"pl-PL\",\"url\":\"http:\/\/centrumkominiarstwa.pl\/wordpress\/wp-content\/uploads\/2018\/02\/bwbirthday-orange-bg-pattern.png\",\"contentUrl\":\"http:\/\/centrumkominiarstwa.pl\/wordpress\/wp-content\/uploads\/2018\/02\/bwbirthday-orange-bg-pattern.png\"},{\"@type\":\"WebPage\",\"@id\":\"http:\/\/centrumkominiarstwa.pl\/#webpage\",\"url\":\"http:\/\/centrumkominiarstwa.pl\/\",\"name\":\"Centrum Kominiarstwa-przegl\\u0105dy kominiarskie-Warszawa i okolice\",\"isPartOf\":{\"@id\":\"http:\/\/centrumkominiarstwa.pl\/#website\"},\"primaryImageOfPage\":{\"@id\":\"http:\/\/centrumkominiarstwa.pl\/#primaryimage\"},\"datePublished\":\"2018-02-09T15:53:08+00:00\",\"dateModified\":\"2021-06-09T07:52:12+00:00\",\"description\":\"To firma z ponad 30 letnim do\\u015bwiadczeniem w bran\\u017cy. Posiadamy wszystkie niezb\\u0119dne uprawnienia do \\u015bwiadczenia us\\u0142ug zwi\\u0105zanych z kominiarstwem. Wykonujemy przegl\\u0105dy kominiarskie i inne us\\u0142ugi budowlane z tym zwi\\u0105zane.\",\"breadcrumb\":{\"@id\":\"http:\/\/centrumkominiarstwa.pl\/#breadcrumb\"},\"inLanguage\":\"pl-PL\",\"potentialAction\":[{\"@type\":\"ReadAction\",\"target\":[\"http:\/\/centrumkominiarstwa.pl\/\"]}]},{\"@type\":\"BreadcrumbList\",\"@id\":\"http:\/\/centrumkominiarstwa.pl\/#breadcrumb\",\"itemListElement\":[{\"@type\":\"ListItem\",\"position\":1,\"item\":{\"@type\":\"WebPage\",\"@id\":\"http:\/\/centrumkominiarstwa.pl\/\",\"url\":\"http:\/\/centrumkominiarstwa.pl\/\",\"name\":\"Strona g\\u0142\\u00f3wna\"}},{\"@type\":\"ListItem\",\"position\":2,\"item\":{\"@id\":\"http:\/\/centrumkominiarstwa.pl\/#webpage\"}}]}]}<\/script>\n<!-- \/ Yoast SEO plugin. -->","_links":{"self":[{"href":"https:\/\/centrumkominiarstwa.pl\/index.php?rest_route=\/wp\/v2\/pages\/28"}],"collection":[{"href":"https:\/\/centrumkominiarstwa.pl\/index.php?rest_route=\/wp\/v2\/pages"}],"about":[{"href":"https:\/\/centrumkominiarstwa.pl\/index.php?rest_route=\/wp\/v2\/types\/page"}],"author":[{"embeddable":true,"href":"https:\/\/centrumkominiarstwa.pl\/index.php?rest_route=\/wp\/v2\/users\/1"}],"replies":[{"embeddable":true,"href":"https:\/\/centrumkominiarstwa.pl\/index.php?rest_route=%2Fwp%2Fv2%2Fcomments&post=28"}],"version-history":[{"count":20,"href":"https:\/\/centrumkominiarstwa.pl\/index.php?rest_route=\/wp\/v2\/pages\/28\/revisions"}],"predecessor-version":[{"id":107,"href":"https:\/\/centrumkominiarstwa.pl\/index.php?rest_route=\/wp\/v2\/pages\/28\/revisions\/107"}],"wp:attachment":[{"href":"https:\/\/centrumkominiarstwa.pl\/index.php?rest_route=%2Fwp%2Fv2%2Fmedia&parent=28"}],"curies":[{"name":"wp","href":"https:\/\/api.w.org\/{rel}","templated":true}]}}